{"id":217,"date":"2015-05-27T16:01:16","date_gmt":"2015-05-27T13:01:16","guid":{"rendered":"https:\/\/purustaja.ee\/?page_id=217"},"modified":"2015-05-27T16:01:16","modified_gmt":"2015-05-27T13:01:16","slug":"dotatsiya-kik-dlya-demontazha","status":"publish","type":"page","link":"https:\/\/purustaja.ee\/ru\/uslugi\/dotatsiya-kik-dlya-demontazha\/","title":{"rendered":"\u0414\u043e\u0442\u0430\u0446\u0438\u044f KIK \u0434\u043b\u044f \u0434\u0435\u043c\u043e\u043d\u0442\u0430\u0436\u0430"},"content":{"rendered":"<p>\u041d\u0430\u0447\u0438\u043d\u0430\u044f \u0441 2012 \u0433\u043e\u0434\u0430 \u0426\u0435\u043d\u0442\u0440 \u0438\u043d\u0432\u0435\u0441\u0442\u0438\u0446\u0438\u0439 \u0432 \u043e\u043a\u0440\u0443\u0436\u0430\u044e\u0449\u0443\u044e \u0441\u0440\u0435\u0434\u0443 (KIK) \u043f\u0440\u0435\u0434\u043b\u0430\u0433\u0430\u0435\u0442 \u0432 \u0440\u0430\u043c\u043a\u0430\u0445 \u043f\u0440\u043e\u0433\u0440\u0430\u043c\u043c\u044b \u0432\u043e\u0434\u043d\u043e\u0433\u043e \u0445\u043e\u0437\u044f\u0439\u0441\u0442\u0432\u0430 \u0434\u043e\u0442\u0430\u0446\u0438\u044e \u0434\u043b\u044f \u0434\u0435\u043c\u043e\u043d\u0442\u0438\u0440\u043e\u0432\u0430\u043d\u0438\u044f \u0440\u0430\u0437\u0432\u0430\u043b\u0438\u0432\u0448\u0438\u0445\u0441\u044f \u0438 \u0431\u0440\u043e\u0448\u0435\u043d\u043d\u044b\u0445 \u0441\u0435\u043b\u044c\u0441\u043a\u043e\u0445\u043e\u0437\u044f\u0439\u0441\u0442\u0432\u0435\u043d\u043d\u044b\u0445, \u043f\u0440\u043e\u043c\u044b\u0448\u043b\u0435\u043d\u043d\u044b\u0445 \u0438\u043b\u0438 \u0432\u043e\u0435\u043d\u043d\u044b\u0445 \u0437\u0434\u0430\u043d\u0438\u0439 \u0438 \u0441\u043e\u043e\u0440\u0443\u0436\u0435\u043d\u0438\u0439, \u043a\u043e\u0442\u043e\u0440\u044b\u0435, \u043f\u043e \u043c\u043d\u0435\u043d\u0438\u044e \u043c\u0435\u0441\u0442\u043d\u043e\u0433\u043e \u0441\u0430\u043c\u043e\u0443\u043f\u0440\u0430\u0432\u043b\u0435\u043d\u0438\u044f, \u043f\u043e\u0440\u0442\u044f\u0442 \u043f\u0435\u0439\u0437\u0430\u0436. \u041e \u0434\u043e\u0442\u0430\u0446\u0438\u0438 \u043c\u043e\u0433\u0443\u0442 \u0445\u043e\u0434\u0430\u0442\u0430\u0439\u0441\u0442\u0432\u043e\u0432\u0430\u0442\u044c \u043c\u0435\u0441\u0442\u043d\u044b\u0435 \u0441\u0430\u043c\u043e\u0443\u043f\u0440\u0430\u0432\u043b\u0435\u043d\u0438\u044f, \u043d\u0435\u043a\u043e\u043c\u043c\u0435\u0440\u0447\u0435\u0441\u043a\u0438\u0435 \u0442\u043e\u0432\u0430\u0440\u0438\u0449\u0435\u0441\u0442\u0432\u0430 \u0438 \u0446\u0435\u043b\u0435\u0432\u044b\u0435 \u0443\u0447\u0440\u0435\u0436\u0434\u0435\u043d\u0438\u044f, \u0430 \u0442\u0430\u043a\u0436\u0435 \u043a\u043e\u043c\u043c\u0435\u0440\u0447\u0435\u0441\u043a\u0438\u0435 \u0442\u043e\u0432\u0430\u0440\u0438\u0449\u0435\u0441\u0442\u0432\u0430, \u043f\u0440\u0435\u0434\u043f\u0440\u0438\u044f\u0442\u0438\u044f \u0438 \u043f\u0440\u0435\u0434\u043f\u0440\u0438\u043d\u0438\u043c\u0430\u0442\u0435\u043b\u0438, \u0438\u043b\u0438 \u043e\u0431\u0440\u0430\u0437\u043e\u0432\u0430\u0442\u0435\u043b\u044c\u043d\u044b\u0435 \u0438 \u043d\u0430\u0443\u0447\u043d\u044b\u0435 \u0443\u0447\u0440\u0435\u0436\u0434\u0435\u043d\u0438\u044f.<\/p>\n<p>\u041a\u043e\u043c\u043f\u0430\u043d\u0438\u044f Purustaja O\u00dc \u0433\u043e\u0442\u043e\u0432\u0430 \u043f\u0440\u0435\u0434\u043b\u0430\u0433\u0430\u0442\u044c \u0441\u0432\u043e\u0438\u043c \u043a\u043b\u0438\u0435\u043d\u0442\u0430\u043c \u043a\u043e\u043c\u043f\u043b\u0435\u043a\u0441\u043d\u043e\u0435 \u0441\u043e\u0434\u0435\u0439\u0441\u0442\u0432\u0438\u0435 \u043f\u0440\u0438 \u043f\u043e\u0434\u0430\u0447\u0435 \u0445\u043e\u0434\u0430\u0442\u0430\u0439\u0441\u0442\u0432\u0430 \u043e \u043f\u043e\u043b\u0443\u0447\u0435\u043d\u0438\u0435 \u0434\u043e\u0442\u0430\u0446\u0438\u0438 KIK. \u041d\u0430 \u043e\u0441\u043d\u043e\u0432\u0430\u043d\u0438\u0438 \u043f\u043e\u043b\u0443\u0447\u0435\u043d\u043d\u043e\u0433\u043e \u0437\u0430\u043a\u0430\u0437\u0430 \u0438 \u0434\u043e\u0432\u0435\u0440\u0435\u043d\u043d\u043e\u0441\u0442\u0438 \u043c\u044b \u0433\u043e\u0442\u043e\u0432\u044b \u043f\u0440\u0435\u0434\u043b\u0430\u0433\u0430\u0442\u044c:<br \/>\n\u043a\u043e\u043d\u0441\u0443\u043b\u044c\u0442\u0430\u0446\u0438\u0438 \u0434\u043b\u044f \u043e\u043f\u0440\u0435\u0434\u0435\u043b\u0435\u043d\u0438\u044f \u043e\u043f\u0442\u0438\u043c\u0430\u043b\u044c\u043d\u043e\u0433\u043e \u043f\u0440\u043e\u0432\u0435\u0434\u0435\u043d\u0438\u044f \u0434\u0435\u043c\u043e\u043d\u0442\u0430\u0436\u0430<br \/>\n\u0441\u043e\u0441\u0442\u0430\u0432\u043b\u0435\u043d\u0438\u0435 \u043f\u0440\u043e\u0435\u043a\u0442\u0430 \u043f\u043e \u043f\u0440\u043e\u0432\u0435\u0434\u0435\u043d\u0438\u044e \u0440\u0430\u0431\u043e\u0442 \u043f\u043e \u0434\u0435\u043c\u043e\u043d\u0442\u0430\u0436\u0443, \u0438 \u043f\u043e\u0434\u0430\u0447\u0430 \u0445\u043e\u0434\u0430\u0442\u0430\u0439\u0441\u0442\u0432\u0430<br \/>\n\u043e \u043f\u043e\u043b\u0443\u0447\u0435\u043d\u0438\u0435 \u0440\u0430\u0437\u0440\u0435\u0448\u0435\u043d\u0438\u044f \u043d\u0430 \u0441\u043d\u043e\u0441<br \/>\n\u0441\u043e\u0441\u0442\u0430\u0432\u043b\u0435\u043d\u0438\u0435 \u043f\u043b\u0430\u043d\u0430 \u043e\u0431\u0440\u0430\u0449\u0435\u043d\u0438\u044f \u0441 \u043e\u0442\u0445\u043e\u0434\u0430\u043c\u0438<br \/>\n\u043a\u043e\u043c\u043f\u043b\u0435\u043a\u0442\u0430\u0446\u0438\u044e \u043d\u0435\u043e\u0431\u0445\u043e\u0434\u0438\u043c\u044b\u0445 \u0434\u043e\u043f\u043e\u043b\u043d\u0438\u0442\u0435\u043b\u044c\u043d\u044b\u0445 \u0434\u043e\u043a\u0443\u043c\u0435\u043d\u0442\u043e\u0432 \u043e\u0444\u043e\u0440\u043c\u043b\u0435\u043d\u0438\u0435 \u0445\u043e\u0434\u0430\u0442\u0430\u0439\u0441\u0442\u0432\u0430 \u0432 \u0441\u0438\u0441\u0442\u0435\u043c\u0435 \u0441\u0430\u043c\u043e\u043e\u0431\u0441\u043b\u0443\u0436\u0438\u0432\u0430\u043d\u0438\u044f KIK<\/p>\n<p>\u0414\u043b\u044f \u043f\u043e\u043b\u0443\u0447\u0435\u043d\u0438\u044f \u0434\u043e\u043f\u043e\u043b\u043d\u0438\u0442\u0435\u043b\u044c\u043d\u043e\u0439 \u0438\u043d\u0444\u043e\u0440\u043c\u0430\u0446\u0438\u0438 \u043f\u0440\u043e\u0441\u0438\u043c \u0441\u0432\u044f\u0437\u0430\u0442\u044c\u0441\u044f \u043f\u043e \u0442\u0435\u043b\u0435\u0444\u043e\u043d\u0443 662 2212 \u0438\u043b\u0438 52 49078, \u0438\u043b\u0438 \u043d\u0430\u043f\u0440\u0430\u0432\u0438\u0442\u044c \u0437\u0430\u043f\u0440\u043e\u0441 \u043f\u043e \u0430\u0434\u0440\u0435\u0441\u0443 <a href=\"mailto:info@purustaja.ee\">info@purustaja.ee<\/a>.<\/p>\n<p>\u0414\u043e\u043f\u043e\u043b\u043d\u0438\u0442\u0435\u043b\u044c\u043d\u0443\u044e \u0438\u043d\u0444\u043e\u0440\u043c\u0430\u0446\u0438\u044e \u043c\u043e\u0436\u043d\u043e \u0442\u0430\u043a\u0436\u0435 \u043d\u0430\u0439\u0442\u0438:<\/p>\n<ul>\n<li>\u0412 \u0438\u043d\u0444\u043e\u0440\u043c\u0430\u0446\u0438\u043e\u043d\u043d\u043e\u043c \u0441\u044e\u0436\u0435\u0442\u0435 \u043f\u0440\u043e\u0433\u0440\u0430\u043c\u043c\u044b \u00abReporter\u00bb \u043e\u0442 02.03.2012 <a href=\"http:\/\/www.reporter.ee\/2012\/03\/02\/vanade-hoonete-lammutamiseks-saab-toetust-kusida\/\">http:\/\/www.reporter.ee\/2012\/03\/02\/vanade-hoonete-lammutamiseks-saab-toetust-kusida\/<\/a><\/li>\n<li>\u0412 \u0441\u0442\u0430\u0442\u044c\u0435 \u0433\u0430\u0437\u0435\u0442\u044b \u00abMaaleht\u00bb \u043e\u0442 17.02.2012 \u00abUus lootus: tondilossidele paistab viimne tund\u00bb (\u041d\u043e\u0432\u0430\u044f \u043d\u0430\u0434\u0435\u0436\u0434\u0430, \u043d\u0430 \u0433\u043e\u0440\u0438\u0437\u043e\u043d\u0442\u0435 \u043f\u043e\u0441\u043b\u0435\u0434\u043d\u0438\u0439 \u0447\u0430\u0441 \u0437\u0430\u0431\u0440\u043e\u0448\u0435\u043d\u043d\u044b\u0445 \u0437\u0434\u0430\u043d\u0438\u0439)<br \/>\n<a href=\"http:\/\/www.maaleht.ee\/news\/uudised\/eestiuudised\/uus-lootus-tondilossidele-paistab-viimne-tund.d?id=63925849\">http:\/\/www.maaleht.ee\/news\/uudised\/eestiuudised\/uus-lootus-tondilossidele-paistab-viimne-tund.d?id=63925849<\/a><\/li>\n<li>\u0412 \u0441\u0442\u0430\u0442\u044c\u0435 \u0433\u0430\u0437\u0435\u0442\u044b \u00ab\u00c4rip\u00e4ev\u00bb \u043e\u0442 08.08.2012 \u00abN\u00f5udlus lammutust\u00f6\u00f6de j\u00e4rele kasvab\u00bb (\u041f\u043e\u0442\u0440\u0435\u0431\u043d\u043e\u0441\u0442\u044c \u0432 \u0440\u0430\u0431\u043e\u0442\u0430\u0445 \u043f\u043e \u0441\u043d\u043e\u0441 \u0440\u0430\u0441\u0442\u0435\u0442) <a href=\"http:\/\/www.ehitusuudised.ee\/article\/2012\/8\/8\/noudlus-lammutustoode-jarele-kasvab\">http:\/\/www.ehitusuudised.ee\/article\/2012\/8\/8\/noudlus-lammutustoode-jarele-kasvab<\/a><\/li>\n<\/ul>\n","protected":false},"excerpt":{"rendered":"<p>\u041d\u0430\u0447\u0438\u043d\u0430\u044f \u0441 2012 \u0433\u043e\u0434\u0430 \u0426\u0435\u043d\u0442\u0440 \u0438\u043d\u0432\u0435\u0441\u0442\u0438\u0446\u0438\u0439 \u0432 \u043e\u043a\u0440\u0443\u0436\u0430\u044e\u0449\u0443\u044e \u0441\u0440\u0435\u0434\u0443 (KIK) \u043f\u0440\u0435\u0434\u043b\u0430\u0433\u0430\u0435\u0442 \u0432 \u0440\u0430\u043c\u043a\u0430\u0445 \u043f\u0440\u043e\u0433\u0440\u0430\u043c\u043c\u044b \u0432\u043e\u0434\u043d\u043e\u0433\u043e \u0445\u043e\u0437\u044f\u0439\u0441\u0442\u0432\u0430 \u0434\u043e\u0442\u0430\u0446\u0438\u044e \u0434\u043b\u044f \u0434\u0435\u043c\u043e\u043d\u0442\u0438\u0440\u043e\u0432\u0430\u043d\u0438\u044f \u0440\u0430\u0437\u0432\u0430\u043b\u0438\u0432\u0448\u0438\u0445\u0441\u044f \u0438 \u0431\u0440\u043e\u0448\u0435\u043d\u043d\u044b\u0445 \u0441\u0435\u043b\u044c\u0441\u043a\u043e\u0445\u043e\u0437\u044f\u0439\u0441\u0442\u0432\u0435\u043d\u043d\u044b\u0445, \u043f\u0440\u043e\u043c\u044b\u0448\u043b\u0435\u043d\u043d\u044b\u0445 \u0438\u043b\u0438 \u0432\u043e\u0435\u043d\u043d\u044b\u0445 \u0437\u0434\u0430\u043d\u0438\u0439 \u0438 \u0441\u043e\u043e\u0440\u0443\u0436\u0435\u043d\u0438\u0439, \u043a\u043e\u0442\u043e\u0440\u044b\u0435, \u043f\u043e \u043c\u043d\u0435\u043d\u0438\u044e \u043c\u0435\u0441\u0442\u043d\u043e\u0433\u043e \u0441\u0430\u043c\u043e\u0443\u043f\u0440\u0430\u0432\u043b\u0435\u043d\u0438\u044f, \u043f\u043e\u0440\u0442\u044f\u0442 \u043f\u0435\u0439\u0437\u0430\u0436. \u041e \u0434\u043e\u0442\u0430\u0446\u0438\u0438 \u043c\u043e\u0433\u0443\u0442 \u0445\u043e\u0434\u0430\u0442\u0430\u0439\u0441\u0442\u0432\u043e\u0432\u0430\u0442\u044c \u043c\u0435\u0441\u0442\u043d\u044b\u0435 \u0441\u0430\u043c\u043e\u0443\u043f\u0440\u0430\u0432\u043b\u0435\u043d\u0438\u044f, \u043d\u0435\u043a\u043e\u043c\u043c\u0435\u0440\u0447\u0435\u0441\u043a\u0438\u0435 \u0442\u043e\u0432\u0430\u0440\u0438\u0449\u0435\u0441\u0442\u0432\u0430 \u0438 \u0446\u0435\u043b\u0435\u0432\u044b\u0435 \u0443\u0447\u0440\u0435\u0436\u0434\u0435\u043d\u0438\u044f, \u0430 \u0442\u0430\u043a\u0436\u0435 \u043a\u043e\u043c\u043c\u0435\u0440\u0447\u0435\u0441\u043a\u0438\u0435 \u0442\u043e\u0432\u0430\u0440\u0438\u0449\u0435\u0441\u0442\u0432\u0430, \u043f\u0440\u0435\u0434\u043f\u0440\u0438\u044f\u0442\u0438\u044f \u0438 \u043f\u0440\u0435\u0434\u043f\u0440\u0438\u043d\u0438\u043c\u0430\u0442\u0435\u043b\u0438, \u0438\u043b\u0438 &hellip; <span class=\"read-more\">Loe edasi<\/span><\/p>\n","protected":false},"author":2,"featured_media":0,"parent":177,"menu_order":5,"comment_status":"closed","ping_status":"closed","template":"","meta":{"footnotes":""},"class_list":["post-217","page","type-page","status-publish","hentry"],"_links":{"self":[{"href":"https:\/\/purustaja.ee\/ru\/wp-json\/wp\/v2\/pages\/217","targetHints":{"allow":["GET"]}}],"collection":[{"href":"https:\/\/purustaja.ee\/ru\/wp-json\/wp\/v2\/pages"}],"about":[{"href":"https:\/\/purustaja.ee\/ru\/wp-json\/wp\/v2\/types\/page"}],"author":[{"embeddable":true,"href":"https:\/\/purustaja.ee\/ru\/wp-json\/wp\/v2\/users\/2"}],"replies":[{"embeddable":true,"href":"https:\/\/purustaja.ee\/ru\/wp-json\/wp\/v2\/comments?post=217"}],"version-history":[{"count":1,"href":"https:\/\/purustaja.ee\/ru\/wp-json\/wp\/v2\/pages\/217\/revisions"}],"predecessor-version":[{"id":218,"href":"https:\/\/purustaja.ee\/ru\/wp-json\/wp\/v2\/pages\/217\/revisions\/218"}],"up":[{"embeddable":true,"href":"https:\/\/purustaja.ee\/ru\/wp-json\/wp\/v2\/pages\/177"}],"wp:attachment":[{"href":"https:\/\/purustaja.ee\/ru\/wp-json\/wp\/v2\/media?parent=217"}],"curies":[{"name":"wp","href":"https:\/\/api.w.org\/{rel}","templated":true}]}}